{"id":1572,"date":"2020-09-14T13:01:18","date_gmt":"2020-09-14T13:01:18","guid":{"rendered":"https:\/\/easy2call.pre-prod.fr\/?page_id=1572"},"modified":"2020-10-12T14:19:49","modified_gmt":"2020-10-12T14:19:49","slug":"plan-du-site","status":"publish","type":"page","link":"https:\/\/easy2call.biz\/fr\/plan-du-site","title":{"rendered":"Plan du site"},"content":{"rendered":"<div class=\"wsp-container\"><h2 class=\"wsp-pages-title\">Pages<\/h2>\n<ul class=\"wsp-pages-list\">\n<li class=\"page_item page-item-1049\"><a href=\"https:\/\/easy2call.biz\/fr\">Accueil<\/a><\/li>\n<li class=\"page_item page-item-1278\"><a href=\"https:\/\/easy2call.biz\/fr\/a-propos\">\u00c0 propos<\/a><\/li>\n<li class=\"page_item page-item-1284 page_item_has_children\"><a href=\"https:\/\/easy2call.biz\/fr\/services\">Services<\/a>\n<ul class='children'>\n\t<li class=\"page_item page-item-3011\"><a href=\"https:\/\/easy2call.biz\/fr\/services\/live-chat\">Live Chat<\/a><\/li>\n\t<li class=\"page_item page-item-3843\"><a href=\"https:\/\/easy2call.biz\/fr\/services\/autres-services\">Autres services<\/a><\/li>\n\t<li class=\"page_item page-item-3761\"><a href=\"https:\/\/easy2call.biz\/fr\/services\/tourisme\">Tourisme<\/a><\/li>\n\t<li class=\"page_item page-item-3767\"><a href=\"https:\/\/easy2call.biz\/fr\/services\/affaires-2\">Voyages d&rsquo;affaires<\/a><\/li>\n\t<li class=\"page_item page-item-3791\"><a href=\"https:\/\/easy2call.biz\/fr\/services\/traitement-des-files-dappel\">Traitement des files d&rsquo;appel<\/a><\/li>\n<\/ul>\n<\/li>\n<li class=\"page_item page-item-3802\"><a href=\"https:\/\/easy2call.biz\/fr\/services-2\">Services<\/a><\/li>\n<li class=\"page_item page-item-1281\"><a href=\"https:\/\/easy2call.biz\/fr\/webjournal\">Webjournal<\/a><\/li>\n<li class=\"page_item page-item-3217\"><a href=\"https:\/\/easy2call.biz\/fr\/nous-rejoindre\">Nous rejoindre<\/a><\/li>\n<li class=\"page_item page-item-1287\"><a href=\"https:\/\/easy2call.biz\/fr\/contact\">Contact<\/a><\/li>\n<li class=\"page_item page-item-1536\"><a href=\"https:\/\/easy2call.biz\/fr\/mentions-legales\">Mentions l\u00e9gales<\/a><\/li>\n<li class=\"page_item page-item-1572\"><a href=\"https:\/\/easy2call.biz\/fr\/plan-du-site\">Plan du site<\/a><\/li>\n<\/ul>\n<\/div>\n<div class=\"wsp-container\"><h2 class=\"wsp-posts-title\">Articles par cat\u00e9gorie<\/h2>\n<ul class=\"wsp-posts-list\">\n\t<li><strong class=\"wsp-category-title\">Cat\u00e9gorie\u00a0: <a href=\"https:\/\/easy2call.biz\/fr\/category\/cas-clients\">Cas clients<\/a><\/strong>\n<ul class=\"wsp-posts-list\">\t\t<li class=\"wsp-post\"><a href=\"https:\/\/easy2call.biz\/fr\/easy2call-et-cds-groupe-travaillent-ensemble-pour-un-meilleur-service-client\">Easy2call accompagne CDS Groupe<\/a><\/li>\n<\/ul><\/li>\n\t<li><strong class=\"wsp-category-title\">Cat\u00e9gorie\u00a0: <a href=\"https:\/\/easy2call.biz\/fr\/category\/le-webjournal-easy2call\">Le webjournal Easy2call<\/a><\/strong>\n<ul class=\"wsp-posts-list\">\t\t<li class=\"wsp-post\"><a href=\"https:\/\/easy2call.biz\/fr\/lexternalisation-du-service-client-en-marque-blanche\">L&rsquo;externalisation du service client en marque blanche<\/a><\/li>\n\t\t<li class=\"wsp-post\"><a href=\"https:\/\/easy2call.biz\/fr\/support-billetterie-tourisme-gds-et-renfort-dequipe\">Support billetterie tourisme GDS et renfort d&rsquo;\u00e9quipe<\/a><\/li>\n\t\t<li class=\"wsp-post\"><a href=\"https:\/\/easy2call.biz\/fr\/easy2call-des-solutions-innovantes-pour-lindustrie-du-voyage\">Easy2call : Assistance 24\/7 pour Compagnies A\u00e9riennes, Agences loisirs, Tour Operators et TMC<\/a><\/li>\n\t\t<li class=\"wsp-post\"><a href=\"https:\/\/easy2call.biz\/fr\/comment-lautomatisation-peut-elle-ameliorer-lexperience-du-passager-aerien\">Comment l&rsquo;automatisation peut-elle am\u00e9liorer l&rsquo;exp\u00e9rience du passager a\u00e9rien ?<\/a><\/li>\n\t\t<li class=\"wsp-post\"><a href=\"https:\/\/easy2call.biz\/fr\/la-demarche-rse-deasy2call\">La d\u00e9marche RSE D\u2019Easy2call<\/a><\/li>\n\t\t<li class=\"wsp-post\"><a href=\"https:\/\/easy2call.biz\/fr\/le-24-7-un-service-premium-a-offrir-a-vos-voyageurs-individuels\">Le 24\/7, un service premium \u00e0 offrir \u00e0 vos voyageurs individuels !<\/a><\/li>\n\t\t<li class=\"wsp-post\"><a href=\"https:\/\/easy2call.biz\/fr\/voyages-de-groupe-les-equipes-deasy2call-veillent-sur-vous\">Voyages de groupe : les \u00e9quipes d\u2019Easy2call veillent sur vous !<\/a><\/li>\n\t\t<li class=\"wsp-post\"><a href=\"https:\/\/easy2call.biz\/fr\/retrospective-2022\">R\u00e9trospective 2022<\/a><\/li>\n\t\t<li class=\"wsp-post\"><a href=\"https:\/\/easy2call.biz\/fr\/servir-cest-avant-tout-innover-et-investir\">Servir, c\u2019est avant tout innover et investir !<\/a><\/li>\n\t\t<li class=\"wsp-post\"><a href=\"https:\/\/easy2call.biz\/fr\/interview-de-sabrina-vineski\">Interview de Sabrina Vineski<\/a><\/li>\n\t\t<li class=\"wsp-post\"><a href=\"https:\/\/easy2call.biz\/fr\/iftm2022-easy2call-on-forme-les-agents-et-on-les-met-a-disposition-des-tmc\">#IFTM2022 \u2013 Easy2Call : \u00ab On forme les agents et on les met \u00e0 disposition des TMC \u00bb<\/a><\/li>\n\t\t<li class=\"wsp-post\"><a href=\"https:\/\/easy2call.biz\/fr\/easy2call-a-liftm-2022\">Easy2call \u00e0 l&rsquo;IFTM 2022<\/a><\/li>\n\t\t<li class=\"wsp-post\"><a href=\"https:\/\/easy2call.biz\/fr\/interveiw-florent-martin-un-partenaire-un-expert-aftm\">Interview de Florent Martin &#8211; Un partenaire un expert AFTM<\/a><\/li>\n\t\t<li class=\"wsp-post\"><a href=\"https:\/\/easy2call.biz\/fr\/decouvrez-notre-gestion-des-appels-entrants\">D\u00e9couvrez notre gestion des appels entrants<\/a><\/li>\n\t\t<li class=\"wsp-post\"><a href=\"https:\/\/easy2call.biz\/fr\/merci-pour-ces-retrouvailles\">Merci pour ces retrouvailles !<\/a><\/li>\n\t\t<li class=\"wsp-post\"><a href=\"https:\/\/easy2call.biz\/fr\/easy2call-prepare-la-reprise-avec-vous\">Easy2call pr\u00e9pare la reprise avec vous !<\/a><\/li>\n\t\t<li class=\"wsp-post\"><a href=\"https:\/\/easy2call.biz\/fr\/8-raisons-dexternaliser-son-service-client\">8 raisons d\u2019externaliser son service client !<\/a><\/li>\n\t\t<li class=\"wsp-post\"><a href=\"https:\/\/easy2call.biz\/fr\/easy2call-est-le-fournisseur-h24-officiel-du-reseau-tourcom\">E2C : fournisseur H24 officiel du r\u00e9seau Tourcom !<\/a><\/li>\n\t\t<li class=\"wsp-post\"><a href=\"https:\/\/easy2call.biz\/fr\/retour-sur-notre-immatriculation-atout-france\">Retour sur notre immatriculation Atout France ?<\/a><\/li>\n\t\t<li class=\"wsp-post\"><a href=\"https:\/\/easy2call.biz\/fr\/easy2call-devient-partenaire-de-laftm\">Easy2call devient partenaire de l&rsquo;AFTM !<\/a><\/li>\n\t\t<li class=\"wsp-post\"><a href=\"https:\/\/easy2call.biz\/fr\/easy2call-rejoint-la-communaute-aftm\">Easy2call rejoint la communaut\u00e9 AFTM !<\/a><\/li>\n\t\t<li class=\"wsp-post\"><a href=\"https:\/\/easy2call.biz\/fr\/pourquoi-le-teletravail-est-il-un-atout-pour-nos-clients\">Pourquoi le t\u00e9l\u00e9travail est-il un atout pour nos clients ?<\/a><\/li>\n\t\t<li class=\"wsp-post\"><a href=\"https:\/\/easy2call.biz\/fr\/les-deplacements-professionnels-necessitent-un-support-offline\">Le business travel n\u00e9cessite un support Offline<\/a><\/li>\n\t\t<li class=\"wsp-post\"><a href=\"https:\/\/easy2call.biz\/fr\/des-services-repenses-pour-une-pertinence-accrue\">Des services repens\u00e9s pour une pertinence accrue<\/a><\/li>\n\t\t<li class=\"wsp-post\"><a href=\"https:\/\/easy2call.biz\/fr\/easy2call-change-de-look\">Easy2call change de look !<\/a><\/li>\n\t\t<li class=\"wsp-post\"><a href=\"https:\/\/easy2call.biz\/fr\/notre-changement-de-look-en-video\">Notre changement de look en vid\u00e9o !<\/a><\/li>\n\t<li><strong class=\"wsp-category-title\">Cat\u00e9gorie\u00a0: <a href=\"https:\/\/easy2call.biz\/fr\/category\/le-webjournal-easy2call\/event\">Event<\/a><\/strong>\n<ul class=\"wsp-posts-list\">\t\t<li class=\"wsp-post\"><a href=\"https:\/\/easy2call.biz\/fr\/e2c-partenaire-des-lauriers-du-voyage-daffaires\">E2C partenaire des Lauriers du voyage d&rsquo;affaires !<\/a><\/li>\n<\/ul><\/li>\n\t<li><strong class=\"wsp-category-title\">Cat\u00e9gorie\u00a0: <a href=\"https:\/\/easy2call.biz\/fr\/category\/le-webjournal-easy2call\/interview-le-webjournal-easy2call\">Interview<\/a><\/strong>\n<ul class=\"wsp-posts-list\">\t\t<li class=\"wsp-post\"><a href=\"https:\/\/easy2call.biz\/fr\/temoignage-client-voyageexpert\">T\u00e9moignage client : VoyagExpert<\/a><\/li>\n\t\t<li class=\"wsp-post\"><a href=\"https:\/\/easy2call.biz\/fr\/interview-de-marion-chabert-directrice-des-operations\">Interview de Marion Chabert, Directrice des op\u00e9rations<\/a><\/li>\n<\/ul><\/li>\n\t<li><strong class=\"wsp-category-title\">Cat\u00e9gorie\u00a0: <a href=\"https:\/\/easy2call.biz\/fr\/category\/le-webjournal-easy2call\/le-saviez-vous\">Le saviez-vous ?<\/a><\/strong>\n<ul class=\"wsp-posts-list\">\t\t<li class=\"wsp-post\"><a href=\"https:\/\/easy2call.biz\/fr\/easy2call-est-partenaire-du-reseau-manor\">Easy2call est partenaire du r\u00e9seau Manor<\/a><\/li>\n\t\t<li class=\"wsp-post\"><a href=\"https:\/\/easy2call.biz\/fr\/easy2call-traite-aussi-vos-clients-vip\">Easy2call traite aussi vos clients VIP<\/a><\/li>\n<\/ul><\/li>\n\t<li><strong class=\"wsp-category-title\">Cat\u00e9gorie\u00a0: <a href=\"https:\/\/easy2call.biz\/fr\/category\/le-webjournal-easy2call\/quiz\">Quiz<\/a><\/strong>\n<ul class=\"wsp-posts-list\">\t\t<li class=\"wsp-post\"><a href=\"https:\/\/easy2call.biz\/fr\/une-serie-de-5-quiz-dediee-aux-agents-de-voyages\">Une s\u00e9rie de 5 quiz d\u00e9di\u00e9s aux agents de voyages !<\/a><\/li>\n<\/ul><\/li>\n\t<li><strong class=\"wsp-category-title\">Cat\u00e9gorie\u00a0: <a href=\"https:\/\/easy2call.biz\/fr\/category\/le-webjournal-easy2call\/videos\">Vid\u00e9os<\/a><\/strong>\n<\/li>\n<\/ul><\/li>\n\t<li><strong class=\"wsp-category-title\">Cat\u00e9gorie\u00a0: <a href=\"https:\/\/easy2call.biz\/fr\/category\/non-classifiee\">Non classifi\u00e9(e)<\/a><\/strong>\n<ul class=\"wsp-posts-list\">\t\t<li class=\"wsp-post\"><a href=\"https:\/\/easy2call.biz\/fr\/plaquette-commerciale-des-experts-du-voyage-et-de-la-billetterie-sur-gds\">Plaquette Commerciale des experts du voyage et de la billetterie sur GDS<\/a><\/li>\n<\/ul><\/li>\n\t<li><strong class=\"wsp-category-title\">Cat\u00e9gorie\u00a0: <a href=\"https:\/\/easy2call.biz\/fr\/category\/temoignage-client\">T\u00e9moignage client<\/a><\/strong>\n<\/li>\n<\/ul>\n<\/div>\n","protected":false},"excerpt":{"rendered":"","protected":false},"author":5,"featured_media":0,"parent":0,"menu_order":10,"comment_status":"closed","ping_status":"closed","template":"","meta":{"om_disable_all_campaigns":false,"_joinchat":[]},"aioseo_notices":[],"yoast_head":"<!-- This site is optimized with the Yoast SEO plugin v20.7 - https:\/\/yoast.com\/wordpress\/plugins\/seo\/ -->\n<title>Plan du site - Easy2call<\/title>\n<meta name=\"robots\" content=\"index, follow, max-snippet:-1, max-image-preview:large, max-video-preview:-1\" \/>\n<link rel=\"canonical\" href=\"https:\/\/easy2call.biz\/fr\/plan-du-site\" class=\"yoast-seo-meta-tag\" \/>\n<meta property=\"og:locale\" content=\"fr_FR\" class=\"yoast-seo-meta-tag\" \/>\n<meta property=\"og:type\" content=\"article\" class=\"yoast-seo-meta-tag\" \/>\n<meta property=\"og:title\" content=\"Plan du site - Easy2call\" class=\"yoast-seo-meta-tag\" \/>\n<meta property=\"og:url\" content=\"https:\/\/easy2call.biz\/fr\/plan-du-site\" class=\"yoast-seo-meta-tag\" \/>\n<meta property=\"og:site_name\" content=\"Easy2call\" class=\"yoast-seo-meta-tag\" \/>\n<meta property=\"article:modified_time\" content=\"2020-10-12T14:19:49+00:00\" class=\"yoast-seo-meta-tag\" \/>\n<meta name=\"twitter:card\" content=\"summary_large_image\" class=\"yoast-seo-meta-tag\" \/>\n<script type=\"application\/ld+json\" class=\"yoast-schema-graph\">{\"@context\":\"https:\/\/schema.org\",\"@graph\":[{\"@type\":\"WebPage\",\"@id\":\"https:\/\/easy2call.biz\/fr\/plan-du-site\",\"url\":\"https:\/\/easy2call.biz\/fr\/plan-du-site\",\"name\":\"Plan du site - Easy2call\",\"isPartOf\":{\"@id\":\"https:\/\/easy2call.biz\/fr#website\"},\"datePublished\":\"2020-09-14T13:01:18+00:00\",\"dateModified\":\"2020-10-12T14:19:49+00:00\",\"breadcrumb\":{\"@id\":\"https:\/\/easy2call.biz\/fr\/plan-du-site#breadcrumb\"},\"inLanguage\":\"fr-FR\",\"potentialAction\":[{\"@type\":\"ReadAction\",\"target\":[\"https:\/\/easy2call.biz\/fr\/plan-du-site\"]}]},{\"@type\":\"BreadcrumbList\",\"@id\":\"https:\/\/easy2call.biz\/fr\/plan-du-site#breadcrumb\",\"itemListElement\":[{\"@type\":\"ListItem\",\"position\":1,\"name\":\"Accueil\",\"item\":\"https:\/\/easy2call.biz\/fr\"},{\"@type\":\"ListItem\",\"position\":2,\"name\":\"Plan du site\"}]},{\"@type\":\"WebSite\",\"@id\":\"https:\/\/easy2call.biz\/fr#website\",\"url\":\"https:\/\/easy2call.biz\/fr\",\"name\":\"Easy2call\",\"description\":\"Service 24\/7 | France &amp; Canada\",\"publisher\":{\"@id\":\"https:\/\/easy2call.biz\/fr#organization\"},\"potentialAction\":[{\"@type\":\"SearchAction\",\"target\":{\"@type\":\"EntryPoint\",\"urlTemplate\":\"https:\/\/easy2call.biz\/fr?s={search_term_string}\"},\"query-input\":\"required name=search_term_string\"}],\"inLanguage\":\"fr-FR\"},{\"@type\":\"Organization\",\"@id\":\"https:\/\/easy2call.biz\/fr#organization\",\"name\":\"Easy2call\",\"url\":\"https:\/\/easy2call.biz\/fr\",\"logo\":{\"@type\":\"ImageObject\",\"inLanguage\":\"fr-FR\",\"@id\":\"https:\/\/easy2call.biz\/fr#\/schema\/logo\/image\/\",\"url\":\"https:\/\/easy2call.biz\/wp-content\/uploads\/2020\/07\/Easy2Call-e1594992475539.png\",\"contentUrl\":\"https:\/\/easy2call.biz\/wp-content\/uploads\/2020\/07\/Easy2Call-e1594992475539.png\",\"width\":300,\"height\":189,\"caption\":\"Easy2call\"},\"image\":{\"@id\":\"https:\/\/easy2call.biz\/fr#\/schema\/logo\/image\/\"}}]}<\/script>\n<!-- \/ Yoast SEO plugin. -->","yoast_head_json":{"title":"Plan du site - Easy2call","robots":{"index":"index","follow":"follow","max-snippet":"max-snippet:-1","max-image-preview":"max-image-preview:large","max-video-preview":"max-video-preview:-1"},"canonical":"https:\/\/easy2call.biz\/fr\/plan-du-site","og_locale":"fr_FR","og_type":"article","og_title":"Plan du site - Easy2call","og_url":"https:\/\/easy2call.biz\/fr\/plan-du-site","og_site_name":"Easy2call","article_modified_time":"2020-10-12T14:19:49+00:00","twitter_card":"summary_large_image","schema":{"@context":"https:\/\/schema.org","@graph":[{"@type":"WebPage","@id":"https:\/\/easy2call.biz\/fr\/plan-du-site","url":"https:\/\/easy2call.biz\/fr\/plan-du-site","name":"Plan du site - Easy2call","isPartOf":{"@id":"https:\/\/easy2call.biz\/fr#website"},"datePublished":"2020-09-14T13:01:18+00:00","dateModified":"2020-10-12T14:19:49+00:00","breadcrumb":{"@id":"https:\/\/easy2call.biz\/fr\/plan-du-site#breadcrumb"},"inLanguage":"fr-FR","potentialAction":[{"@type":"ReadAction","target":["https:\/\/easy2call.biz\/fr\/plan-du-site"]}]},{"@type":"BreadcrumbList","@id":"https:\/\/easy2call.biz\/fr\/plan-du-site#breadcrumb","itemListElement":[{"@type":"ListItem","position":1,"name":"Accueil","item":"https:\/\/easy2call.biz\/fr"},{"@type":"ListItem","position":2,"name":"Plan du site"}]},{"@type":"WebSite","@id":"https:\/\/easy2call.biz\/fr#website","url":"https:\/\/easy2call.biz\/fr","name":"Easy2call","description":"Service 24\/7 | France &amp; Canada","publisher":{"@id":"https:\/\/easy2call.biz\/fr#organization"},"potentialAction":[{"@type":"SearchAction","target":{"@type":"EntryPoint","urlTemplate":"https:\/\/easy2call.biz\/fr?s={search_term_string}"},"query-input":"required name=search_term_string"}],"inLanguage":"fr-FR"},{"@type":"Organization","@id":"https:\/\/easy2call.biz\/fr#organization","name":"Easy2call","url":"https:\/\/easy2call.biz\/fr","logo":{"@type":"ImageObject","inLanguage":"fr-FR","@id":"https:\/\/easy2call.biz\/fr#\/schema\/logo\/image\/","url":"https:\/\/easy2call.biz\/wp-content\/uploads\/2020\/07\/Easy2Call-e1594992475539.png","contentUrl":"https:\/\/easy2call.biz\/wp-content\/uploads\/2020\/07\/Easy2Call-e1594992475539.png","width":300,"height":189,"caption":"Easy2call"},"image":{"@id":"https:\/\/easy2call.biz\/fr#\/schema\/logo\/image\/"}}]}},"_links":{"self":[{"href":"https:\/\/easy2call.biz\/fr\/wp-json\/wp\/v2\/pages\/1572"}],"collection":[{"href":"https:\/\/easy2call.biz\/fr\/wp-json\/wp\/v2\/pages"}],"about":[{"href":"https:\/\/easy2call.biz\/fr\/wp-json\/wp\/v2\/types\/page"}],"author":[{"embeddable":true,"href":"https:\/\/easy2call.biz\/fr\/wp-json\/wp\/v2\/users\/5"}],"replies":[{"embeddable":true,"href":"https:\/\/easy2call.biz\/fr\/wp-json\/wp\/v2\/comments?post=1572"}],"version-history":[{"count":2,"href":"https:\/\/easy2call.biz\/fr\/wp-json\/wp\/v2\/pages\/1572\/revisions"}],"predecessor-version":[{"id":1575,"href":"https:\/\/easy2call.biz\/fr\/wp-json\/wp\/v2\/pages\/1572\/revisions\/1575"}],"wp:attachment":[{"href":"https:\/\/easy2call.biz\/fr\/wp-json\/wp\/v2\/media?parent=1572"}],"curies":[{"name":"wp","href":"https:\/\/api.w.org\/{rel}","templated":true}]}}